{"id":61,"date":"2020-03-26T14:56:04","date_gmt":"2020-03-26T14:56:04","guid":{"rendered":"https:\/\/pkv-auskenner.de\/?page_id=61"},"modified":"2020-03-26T15:22:54","modified_gmt":"2020-03-26T15:22:54","slug":"impressum","status":"publish","type":"page","link":"https:\/\/pkv-auskenner.de\/index.php\/ueber-uns\/impressum\/","title":{"rendered":"Impressum"},"content":{"rendered":"\n<p>Die Zusendung von unaufgeforderter Werbung wird ausdr\u00fccklich untersagt.<\/p>\n\n\n\n<p>Angaben gem\u00e4ss den Inhalten des Telemediengesetzes<\/p>\n\n\n\n<p>Anschrift<br>Improva GmbH<br>Gesch\u00e4ftsf\u00fchrer Thomas J\u00e4nsch<br>Hauptstra\u00dfe 41<br>09244 Lichtenau<br>Telefon: 037208 88440<br>Telefax: 037208 8844 23<br>E-Mail: thomasjaensch(at)improva(dot)de<br>Homepage: http:\/\/www.improva.de http:\/\/www.vorsorgekonzeptionen.de<\/p>\n\n\n\n<p>Autor, inhaltlich verantwortlich<br>Thomas J\u00e4nsch, Hauptstra\u00dfe 41, 09244 Lichtenau<\/p>\n\n\n\n<p>Weitere Angaben nach Telemediengesetz<br>Zust\u00e4ndige Kammer:<br>Industrie-und Handelskammer S\u00fcdwestsachsen Chemnitz-Plauen-Zwickau &#8211; Chemnitz<br>Stra\u00dfe der Nationen 25<br>09111 Chemnitz<br>Telefon: 0371\/6900-0<br>Fax: 0371\/643018<br>E-Mail: chemnitz(at)chemnitz(dot)ihk(dot)de<br>Homepage: www.chemnitz.ihk24.de<\/p>\n\n\n\n<p>Status des Vermittlers nach Gewerbeordnung<br>Eingetragene Berufsordnung: Versicherungsmakler mit Erlaubnispflicht nach \u00a734 d Abs. 1 GewO, Deutschland<br>Handelsregister: Amtsgreicht Chemnitz &#8211; HRB 21341<br>UStNr.: 222\/111\/00218<\/p>\n\n\n\n<p>Copyright<br>Improva GmbH<\/p>\n\n\n\n<p>Bilder<\/p>\n\n\n\n<p>Haftungsbeschr\u00e4nkung<br>Die Inhalte dieser Website werden mit gr\u00f6\u00dftm\u00f6glicher Sorgfalt erstellt. Der Anbieter \u00fcbernimmt jedoch keine Gew\u00e4hr f\u00fcr die Richtigkeit, Vollst\u00e4ndigkeit und Aktualit\u00e4t der bereitgestellten Inhalte. Die Nutzung der Inhalte der Website erfolgt auf eigene Gefahr des Nutzers. Namentlich gekennzeichnete Beitr\u00e4ge geben die Meinung des jeweiligen Autors und nicht immer die Meinung des Anbieters wieder. Mit der reinen Nutzung der Website des Anbieters kommt keinerlei Vertragsverh\u00e4ltnis zwischen dem Nutzer und dem Anbieter zustande.<\/p>\n\n\n\n<p>Externe Links<br>Diese Website enth\u00e4lt Verkn\u00fcpfungen zu Websites Dritter (&#8222;externe Links&#8220;). Diese Websites unterliegen der Haftung der jeweiligen Betreiber. Der Anbieter hat bei der erstmaligen Verkn\u00fcpfung der externen Links die fremden Inhalte daraufhin \u00fcberpr\u00fcft, ob etwaige Rechtsverst\u00f6\u00dfe bestehen. Zu dem Zeitpunkt waren keine Rechtsverst\u00f6\u00dfe ersichtlich. Der Anbieter hat keinerlei Einfluss auf die aktuelle und zuk\u00fcnftige Gestaltung und auf die Inhalte der verkn\u00fcpften Seiten. Das Setzen von externen Links bedeutet nicht, dass sich der Anbieter die hinter dem Verweis oder Link liegenden Inhalte zu Eigen macht. Eine st\u00e4ndige Kontrolle der externen Links ist f\u00fcr den Anbieter ohne konkrete Hinweise auf Rechtsverst\u00f6\u00dfe nicht zumutbar. Bei Kenntnis von Rechtsverst\u00f6\u00dfen werden jedoch derartige externe Links unverz\u00fcglich gel\u00f6scht.<\/p>\n\n\n\n<p>Urheber- und Leistungsschutzrechte<br>Die auf dieser Website ver\u00f6ffentlichten Inhalte unterliegen dem deutschen Urheber- und Leistungsschutzrecht. Jede vom deutschen Urheber- und Leistungsschutzrecht nicht zugelassene Verwertung bedarf der vorherigen schriftlichen Zustimmung des Anbieters oder jeweiligen Rechteinhabers. Dies gilt insbesondere f\u00fcr Vervielf\u00e4ltigung, Bearbeitung, \u00dcbersetzung, Einspeicherung, Verarbeitung bzw. Wiedergabe von Inhalten in Datenbanken oder anderen .<\/p>\n\n\n\n<p>Datenschutz<br>1. Durch den Besuch unserer Website k\u00f6nnen Informationen \u00fcber den Zugriff (Datum, Uhrzeit, betrachtete Seite) gespeichert werden. Diese Daten geh\u00f6ren nicht zu den personenbezogenen Daten, sondern sind anonymisiert. Sie werden ausschlie\u00dflich zu statistischen Zwecken ausgewertet. Eine Weitergabe an Dritte, zu kommerziellen oder nichtkommerziellen Zwecken, findet nicht statt. Soweit Sie uns personenbezogene Daten zur Verf\u00fcgung gestellt haben, verwenden wir diese nur zur Beantwortung Ihrer Anfragen, zur Abwicklung mit Ihnen geschlossener Vertr\u00e4ge und f\u00fcr die technische Administration.<\/p>\n\n\n\n<p>2. Ihre pers\u00f6nlichen Daten werden gespeichert und nat\u00fcrlich auf Wunsch wieder gel\u00f6scht.Unter personenbezogenen Daten fallen Einzelangaben \u00fcber pers\u00f6nliche und sachliche Verh\u00e4ltnisse einer bestimmten oder bestimmbaren nat\u00fcrlichen Person (z.B. Name, Anschrift, Geburtsdatum, Beruf und Bankverbindung) aber auch sensitiven Daten (z.B. Gesundheitszustand, Einkommensverh\u00e4ltnisse und finanzielle Bonit\u00e4t). All diese Angaben unterliegen gem\u00e4\u00df BDSG (Bundesdatenschutzgesetz) einem besonderen Schutz, dem wir durch technische und organisatorische Ma\u00dfnahmen gerecht werden. Wir verkaufen oder vermieten keine personenbezogenen Daten an Dritte. Unser Unternehmen ist dem \u00a75 BDSG verpflichtet. Durch die Eingabe seiner Daten und die Absendung der Suchanfrage erteilt der Interessent nach \u00a73 TDDSG seine Einwilligung, dass die durch ihn eingegebenen Daten an die Versicherungsunternehmen und oder Finanzdienstleister \u00fcbermittelt werden.<\/p>\n\n\n\n<p>3. Sie haben das Recht, eine erteilte Einwilligung mit Wirkung f\u00fcr die Zukunft jederzeit zu widerrufen. Die L\u00f6schung der gespeicherten personenbezogenen Daten erfolgt, wenn Sie Ihre Einwilligung zur Speicherung widerrufen, wenn ihre Kenntnis zur Erf\u00fcllung des mit der Speicherung verfolgten Zwecks nicht mehr erforderlich ist oder wenn ihre Speicherung aus sonstigen gesetzlichen Gr\u00fcnden unzul\u00e4ssig ist.<\/p>\n\n\n\n<p>4. Auskunftsrecht Auf schriftliche Anfrage werden wir Sie gern \u00fcber die zu Ihrer Person gespeicherten Daten informieren.<\/p>\n\n\n\n<p>Sicherheitshinweis:<br>Der Anbieter weist ausdr\u00fccklich darauf hin, dass die Daten\u00fcbertragung im Internet (z.B. bei der Kommunikation per E-Mail) Sicherheitsl\u00fccken aufweisen und nicht l\u00fcckenlos vor dem Zugriff durch Dritte gesch\u00fctzt werden kann.<\/p>\n","protected":false},"excerpt":{"rendered":"<p>Die Zusendung von unaufgeforderter Werbung wird ausdr\u00fccklich untersagt. Angaben gem\u00e4ss den Inhalten des Telemediengesetzes AnschriftImprova GmbHGesch\u00e4ftsf\u00fchrer Thomas J\u00e4nschHauptstra\u00dfe 4109244 LichtenauTelefon: 037208 88440Telefax: 037208 8844 23E-Mail: thomasjaensch(at)improva(dot)deHomepage: http:\/\/www.improva.de http:\/\/www.vorsorgekonzeptionen.de Autor, inhaltlich verantwortlichThomas J\u00e4nsch, Hauptstra\u00dfe 41, 09244 Lichtenau Weitere Angaben nach TelemediengesetzZust\u00e4ndige Kammer:Industrie-und Handelskammer S\u00fcdwestsachsen Chemnitz-Plauen-Zwickau &#8211; ChemnitzStra\u00dfe der Nationen 2509111 ChemnitzTelefon: 0371\/6900-0Fax: 0371\/643018E-Mail: chemnitz(at)chemnitz(dot)ihk(dot)deHomepage: www.chemnitz.ihk24.de Status &hellip; <\/p>\n<p class=\"link-more\"><a href=\"https:\/\/pkv-auskenner.de\/index.php\/ueber-uns\/impressum\/\" class=\"more-link\"><span class=\"screen-reader-text\">\u201eImpressum\u201c <\/span>weiterlesen<\/a><\/p>\n","protected":false},"author":1,"featured_media":0,"parent":9,"menu_order":0,"comment_status":"closed","ping_status":"closed","template":"","meta":{"_glsr_average":0,"_glsr_ranking":0,"_glsr_reviews":0,"footnotes":""},"class_list":["post-61","page","type-page","status-publish","hentry"],"_links":{"self":[{"href":"https:\/\/pkv-auskenner.de\/index.php\/wp-json\/wp\/v2\/pages\/61","targetHints":{"allow":["GET"]}}],"collection":[{"href":"https:\/\/pkv-auskenner.de\/index.php\/wp-json\/wp\/v2\/pages"}],"about":[{"href":"https:\/\/pkv-auskenner.de\/index.php\/wp-json\/wp\/v2\/types\/page"}],"author":[{"embeddable":true,"href":"https:\/\/pkv-auskenner.de\/index.php\/wp-json\/wp\/v2\/users\/1"}],"replies":[{"embeddable":true,"href":"https:\/\/pkv-auskenner.de\/index.php\/wp-json\/wp\/v2\/comments?post=61"}],"version-history":[{"count":1,"href":"https:\/\/pkv-auskenner.de\/index.php\/wp-json\/wp\/v2\/pages\/61\/revisions"}],"predecessor-version":[{"id":62,"href":"https:\/\/pkv-auskenner.de\/index.php\/wp-json\/wp\/v2\/pages\/61\/revisions\/62"}],"up":[{"embeddable":true,"href":"https:\/\/pkv-auskenner.de\/index.php\/wp-json\/wp\/v2\/pages\/9"}],"wp:attachment":[{"href":"https:\/\/pkv-auskenner.de\/index.php\/wp-json\/wp\/v2\/media?parent=61"}],"curies":[{"name":"wp","href":"https:\/\/api.w.org\/{rel}","templated":true}]}}