{"id":58,"date":"2020-03-26T14:55:02","date_gmt":"2020-03-26T14:55:02","guid":{"rendered":"https:\/\/pkv-auskenner.de\/?page_id=58"},"modified":"2020-03-26T15:13:16","modified_gmt":"2020-03-26T15:13:16","slug":"erstinformationen","status":"publish","type":"page","link":"https:\/\/pkv-auskenner.de\/index.php\/ueber-uns\/erstinformationen\/","title":{"rendered":"Erstinformationen"},"content":{"rendered":"\n<p>Wichtige Informationen f\u00fcr Sie<\/p>\n\n\n\n<p>Nachweis zu den Informationspflichten gem\u00e4ss Abschnitt 4 \/ \u00a7 11 Versicherungsvermittlerverordnung<\/p>\n\n\n\n<p><strong>Anschrift<\/strong><\/p>\n\n\n\n<p>Improva GmbH<br>Gesch\u00e4ftsf\u00fchrer: Thomas Jaensch<br>Hauptstra\u00dfe 41<br>09244 Lichtenau<br>Telefon: 037208 88440<br>Telefax: 037208 8844 23<br>Mobil:<br>E-Mail: thomasjaensch(at)improva(dot)de<br>Homepage: http:\/\/www.improva.eu<\/p>\n\n\n\n<p><strong>Status des Vermittlers nach Gewerbeordnung<\/strong><\/p>\n\n\n\n<p>Status: Versicherungsmakler mit Erlaubnispflicht nach \u00a734 d Abs. 1 GewO<\/p>\n\n\n\n<p>Register-Nr.: D-R58H-O0FL9-17<\/p>\n\n\n\n<p>Zust\u00e4ndige Kammer:<\/p>\n\n\n\n<p>Industrie-und Handelskammer S\u00fcdwestsachsen Chemnitz-Plauen-Zwickau &#8211; Chemnitz<br>Stra\u00dfe der Nationen 25<br>09111 Chemnitz<br>Telefon: 0371\/6900-0<br>Fax: 0371\/643018<br>E-Mail: chemnitz(at)chemnitz(dot)ihk(dot)de<br>Homepage: www.chemnitz.ihk24.de<\/p>\n\n\n\n<p><strong>Beratung<\/strong><\/p>\n\n\n\n<p>Die T\u00e4tigkeit beinhaltet auch Beratung.<\/p>\n\n\n\n<p><strong>Verg\u00fctung im Bereich Versicherungsvermittlung<\/strong><\/p>\n\n\n\n<p><em>Art und Quelle der Verg\u00fctung<\/em><\/p>\n\n\n\n<p>Die Verg\u00fctung der T\u00e4tigkeit erfolgt als:<\/p>\n\n\n\n<ul class=\"wp-block-list\"><li>konkret vereinbarte Zahlung durch den Kunden oder als<\/li><li>in der Versicherungspr\u00e4mie enthaltene Provision, die vom jeweiligen Versicherungsunternehmen ausgezahlt wird oder als<\/li><li>Kombination aus beidem.<\/li><\/ul>\n\n\n\n<p>Dies ist letztlich abh\u00e4ngig von den W\u00fcnschen und Bed\u00fcrfnissen des Kunden und den Versicherungsprodukten, welche ggf. vermittelt werden.<\/p>\n\n\n\n<p><strong>Beteiligung an Versicherungsunternehmen<\/strong><\/p>\n\n\n\n<p>Offenlegung:<br>Ich\/Wir besitze\/n keine direkten oder indirekten Beteiligungen von \u00fcber 10% an den Stimmrechten oder am Kapital eines Versicherungsunternehmens.<br>Kein Versicherungsunternehmen oder das Mutterunternehmen eines Versicherungsunternehmens besitzt eine direkte oder indirekte Beteiligung von \u00fcber 10% an den Stimmrechten oder am Kapital meines Unternehmens.<\/p>\n\n\n\n<p><strong>Vermittlerregister<\/strong><\/p>\n\n\n\n<p>Registernummer D-R58H-O0FL9-17<\/p>\n\n\n\n<p>Deutscher Industrie- und Handelskammertag (DIHK) e.V.<br>Breite Stra\u00dfe 29, 10178 Berlin<br>Telefon: 0180 6 00 58 50<br>(Festnetzpreis 0,20 \u20ac\/ Anruf; Mobilfunkpreise maximal 0,60 \u20ac\/ Anruf)<br>www.vermittlerregister.info<\/p>\n\n\n\n<p><strong>Anschriften der Schlichtungsstellen<\/strong><\/p>\n\n\n\n<p>Ombudsmann f\u00fcr Versicherungen<br>Leipziger Stra\u00dfe 121<br>10117 Berlin<br>Homepage: http:\/\/www.versicherungsombudsmann.de<\/p>\n\n\n\n<p>Ombudsmann der privaten Bausparkassen<br>Postfach 303079<br>10730 Berlin<br>Homepage: http:\/\/www.bausparkassen.de<\/p>\n\n\n\n<p>Ombudsmann Private Kranken- und Pflegeversicherung<br>Kronenstra\u00dfe 13<br>10117 Berlin<br>Homepage: http:\/\/www.pkv-ombudsmann.de<\/p>\n\n\n\n<p><strong>Berufsrechtliche Regelungen<\/strong><\/p>\n\n\n\n<p>\u00a7 34 d Gewerbeordnung<br>\u00a7\u00a7 59-68 VVG<br>VersVermV<br>Die berufsrechtlichen Regelungen k\u00f6nnen \u00fcber die vom Bundesministerium der Justiz und von der juris GmbH betriebenen Homepage www.gesetzte-im-internet.de eingesehen und abgerufen werden.<\/p>\n\n\n\n<p><strong>Plattform der EU-Kommission zur Online-Streitbeilegung<\/strong><\/p>\n\n\n\n<p>www.ec.europa.eu\/consumers\/odr<\/p>\n","protected":false},"excerpt":{"rendered":"<p>Wichtige Informationen f\u00fcr Sie Nachweis zu den Informationspflichten gem\u00e4ss Abschnitt 4 \/ \u00a7 11 Versicherungsvermittlerverordnung Anschrift Improva GmbHGesch\u00e4ftsf\u00fchrer: Thomas JaenschHauptstra\u00dfe 4109244 LichtenauTelefon: 037208 88440Telefax: 037208 8844 23Mobil:E-Mail: thomasjaensch(at)improva(dot)deHomepage: http:\/\/www.improva.eu Status des Vermittlers nach Gewerbeordnung Status: Versicherungsmakler mit Erlaubnispflicht nach \u00a734 d Abs. 1 GewO Register-Nr.: D-R58H-O0FL9-17 Zust\u00e4ndige Kammer: Industrie-und Handelskammer S\u00fcdwestsachsen Chemnitz-Plauen-Zwickau &#8211; ChemnitzStra\u00dfe der &hellip; <\/p>\n<p class=\"link-more\"><a href=\"https:\/\/pkv-auskenner.de\/index.php\/ueber-uns\/erstinformationen\/\" class=\"more-link\"><span class=\"screen-reader-text\">\u201eErstinformationen\u201c <\/span>weiterlesen<\/a><\/p>\n","protected":false},"author":1,"featured_media":0,"parent":9,"menu_order":0,"comment_status":"closed","ping_status":"closed","template":"","meta":{"_glsr_average":0,"_glsr_ranking":0,"_glsr_reviews":0,"footnotes":""},"class_list":["post-58","page","type-page","status-publish","hentry"],"_links":{"self":[{"href":"https:\/\/pkv-auskenner.de\/index.php\/wp-json\/wp\/v2\/pages\/58","targetHints":{"allow":["GET"]}}],"collection":[{"href":"https:\/\/pkv-auskenner.de\/index.php\/wp-json\/wp\/v2\/pages"}],"about":[{"href":"https:\/\/pkv-auskenner.de\/index.php\/wp-json\/wp\/v2\/types\/page"}],"author":[{"embeddable":true,"href":"https:\/\/pkv-auskenner.de\/index.php\/wp-json\/wp\/v2\/users\/1"}],"replies":[{"embeddable":true,"href":"https:\/\/pkv-auskenner.de\/index.php\/wp-json\/wp\/v2\/comments?post=58"}],"version-history":[{"count":1,"href":"https:\/\/pkv-auskenner.de\/index.php\/wp-json\/wp\/v2\/pages\/58\/revisions"}],"predecessor-version":[{"id":59,"href":"https:\/\/pkv-auskenner.de\/index.php\/wp-json\/wp\/v2\/pages\/58\/revisions\/59"}],"up":[{"embeddable":true,"href":"https:\/\/pkv-auskenner.de\/index.php\/wp-json\/wp\/v2\/pages\/9"}],"wp:attachment":[{"href":"https:\/\/pkv-auskenner.de\/index.php\/wp-json\/wp\/v2\/media?parent=58"}],"curies":[{"name":"wp","href":"https:\/\/api.w.org\/{rel}","templated":true}]}}