{"id":54,"date":"2020-03-26T14:51:35","date_gmt":"2020-03-26T14:51:35","guid":{"rendered":"https:\/\/pkv-auskenner.de\/?page_id=54"},"modified":"2020-03-26T15:12:55","modified_gmt":"2020-03-26T15:12:55","slug":"agb","status":"publish","type":"page","link":"https:\/\/pkv-auskenner.de\/index.php\/ueber-uns\/agb\/","title":{"rendered":"AGB"},"content":{"rendered":"\n<h2 class=\"wp-block-heading\">Kapitel\u00fcbersicht<\/h2>\n\n\n\n<ul class=\"wp-block-list\"><li>\nZusammenfassung\n<\/li><li>\u00a71 Unsere Dienstleistung<\/li><li>\u00a72 Nutzungsregeln<\/li><li>\u00a73 Haftung<\/li><li>\u00a74 Widerruf<\/li><li>\u00a75 Schlussbestimmungen<\/li><\/ul>\n\n\n\n<h3 class=\"wp-block-heading\">Zusammenfassung<\/h3>\n\n\n\n<p>Die im weiteren nachzulesenden AGB gelten f\u00fcr s\u00e4mtliche zwischen Invedaweb.de und dem Interessenten geschlossenen Vertr\u00e4ge und au\u00dferdem f\u00fcr die Nutzung der von uns im Internet angebotenen Leistungen.<\/p>\n\n\n\n<p>Wenn Sie unser Leistungsangebot nutzen, so gelten die beschriebenen Bedingungen als verbindlich vereinbart, soweit nicht andere gesetzliche Bestimmungen dieses untersagen.<\/p>\n\n\n\n<p>Im Einzelnen:<\/p>\n\n\n\n<h3 class=\"wp-block-heading\">\u00a71 Unsere Dienstleistung<\/h3>\n\n\n\n<p>Unser Angebot ist f\u00fcr den Interessenten v\u00f6llig unentgeltlich.<\/p>\n\n\n\n<p>Nach einer an uns gestellten Anfrage durch den Interessenten, gew\u00e4hren wir ihm einen \u00dcberblick \u00fcber die von uns angebotenen Produkte.<\/p>\n\n\n\n<p>Diese Angebote erstellen wir auch unter Zuhilfenahme von Vergleichsrechnern. Um diese Vergleichsergebnisse zu erzielen, muss der Interessent die dazu ben\u00f6tigten Angaben in den vorgeschriebenen Feldern eingeben und erkl\u00e4rt sich durch diese Eingabe ausdr\u00fccklich einverstanden, dass die Daten an die entsprechenden Versicherungsunternehmen bzw. und oder an die entsprechenden Finanzdienstleister \u00fcbermittelt werden .<\/p>\n\n\n\n<p>Die Daten werden unverz\u00fcglich an den jeweiligen Versicherungsanbieter \u00fcbermittelt.<\/p>\n\n\n\n<h3 class=\"wp-block-heading\">\u00a72 Nutzungsregeln<\/h3>\n\n\n\n<p>Unsere Informationen stehen ausschlie\u00dflich Endverbrauchern zur unentgeltlichen Nutzung zur Verf\u00fcgung.<\/p>\n\n\n\n<p>Eine auf Gewerbe ausgerichtete Nutzung (durch Makler\/Agenten) sowie das Anfertigen von Kopien der Daten ist verboten.<\/p>\n\n\n\n<p>Das Weitergeben der Daten ist verboten. Der Endverbraucher darf selbstverst\u00e4ndlich kostenlos Ausdrucke zu seiner eigenen Information anfertigen.<\/p>\n\n\n\n<h3 class=\"wp-block-heading\">\u00a73 Haftung<\/h3>\n\n\n\n<p>Wir haften nicht:<\/p>\n\n\n\n<p>f\u00fcr das Zustandekommen des gew\u00fcnschten Vertrages, denn dieses kann von uns nicht garantiert werden f\u00fcr falsch eingegebene Daten von Seiten des Interessenten, hier tr\u00e4gt der Interessent die Sorgfaltspflicht<\/p>\n\n\n\n<p>Wir sind st\u00e4ndig bem\u00fcht, das Datenmaterial zu aktualisieren, zu \u00fcberpr\u00fcfen und zu erweitern.<\/p>\n\n\n\n<p>Die Informationen zu den jeweiligen Versicherungen und Finanzdienstleistungen stammen von den jeweiligen Versicherungsunternehmen oder Finanzunternehmen.<\/p>\n\n\n\n<p>Zu diesen Daten und Informationen \u00fcbernehmen wir keinerlei Haftung auf Vollst\u00e4ndigkeit und oder Richtigkeit.<\/p>\n\n\n\n<p>Wir garantieren nicht:<\/p>\n\n\n\n<p>dass alle Versicherungsunternehmen in der Anfrage \/Suche vertreten sind.<\/p>\n\n\n\n<p>Die Nutzung unserer Dienste erfolgt auf eigenes Risiko.<\/p>\n\n\n\n<p>Wir \u00fcbernehmen keine Gew\u00e4hr f\u00fcr Sch\u00e4den, die durch die Nutzung unserer Internetseite entstehen.<\/p>\n\n\n\n<p>Die hier zur Verf\u00fcgung gestellten Informationenn stellen keine Beratung dar.<\/p>\n\n\n\n<p>Wir \u00fcbernehmen keine Haftung f\u00fcr die von unserer Seite aufgerufenen Links.<\/p>\n\n\n\n<h3 class=\"wp-block-heading\">\u00a74 Widerruf<\/h3>\n\n\n\n<p>Als Verbraucher im Sinne von \u00a7 13 BGB &#8211; der Verbraucher kann nur eine nat\u00fcrliche Person sein, die ein Rechtsgesch\u00e4ft abschlie\u00dft, dieses Rechtsgesch\u00e4ft darf weder einer gewerblichen noch einer selbstst\u00e4ndigen beruflichen T\u00e4tigkeit zugerechnet werden (Juristische Personen oder Unternehmer gem. \u00a7 14 Abs. 1 BGB sind keine Verbraucher) &#8211; steht Ihnen ein gesetzliches Widerrufsrecht zu.<\/p>\n\n\n\n<p>Sie haben das Recht, binnen vierzehn Tagen ohne Angabe von Gr\u00fcnden diesen Vertrag zu widerrufen. Die Widerrufsfrist betr\u00e4gt vierzehn Tage ab dem Tag des Vertragsabschlusses. Um ihr Widerrufsrecht fristgerecht wahrzunehmen reicht eine schriftliche Unterrichtung an: siehe Impressum mit: Betreff Widerruf innerhalb der Widerrufsfrist und Ihren bei uns hinterlegten Adressdaten.<\/p>\n\n\n\n<h3 class=\"wp-block-heading\">\u00a75 Schlussbestimmungen<\/h3>\n\n\n\n<p>(1) \u00c4nderungen und Erg\u00e4nzungen des Vertrages bed\u00fcrfen zu ihrer Wirksamkeit der Schriftform.<\/p>\n\n\n\n<p>Das Schriftformerfordernis kann nur schriftlich aufgehoben werden. Zur Wahrung der Schriftform gen\u00fcgt auch eine \u00dcbermittlung in Textform, insbesondere mittels Telefax oder E-Mail.<\/p>\n\n\n\n<p>(2) Es gilt das Recht der Bundesrepublik Deutschland unter Ausschluss des UN-Kaufrechts. Erf\u00fcllungsort und Gerichtsstand f\u00fcr alle Streitigkeiten aus und im Zusammenhang mit diesem Vertrag ist bei Vertr\u00e4gen mit Kaufleuten der Sitz des Anbieters.<\/p>\n\n\n\n<p>(3) Soweit der Vertrag oder diese Allgemeinen Gesch\u00e4ftsbedingungen Regelungsl\u00fccken enthalten, gelten zur Ausf\u00fcllung dieser L\u00fccken diejenigen rechtlich wirksamen Regelungen als vereinbart, welche die Vertragspartner nach den wirtschaftlichen Zielsetzungen des Vertrages und dem Zweck dieser Allgemeinen Gesch\u00e4ftsbedingungen vereinbart h\u00e4tten, wenn sie die Regelungsl\u00fccke gekannt h\u00e4tten.<\/p>\n","protected":false},"excerpt":{"rendered":"<p>Kapitel\u00fcbersicht Zusammenfassung \u00a71 Unsere Dienstleistung \u00a72 Nutzungsregeln \u00a73 Haftung \u00a74 Widerruf \u00a75 Schlussbestimmungen Zusammenfassung Die im weiteren nachzulesenden AGB gelten f\u00fcr s\u00e4mtliche zwischen Invedaweb.de und dem Interessenten geschlossenen Vertr\u00e4ge und au\u00dferdem f\u00fcr die Nutzung der von uns im Internet angebotenen Leistungen. Wenn Sie unser Leistungsangebot nutzen, so gelten die beschriebenen Bedingungen als verbindlich vereinbart, soweit &hellip; <\/p>\n<p class=\"link-more\"><a href=\"https:\/\/pkv-auskenner.de\/index.php\/ueber-uns\/agb\/\" class=\"more-link\"><span class=\"screen-reader-text\">\u201eAGB\u201c <\/span>weiterlesen<\/a><\/p>\n","protected":false},"author":1,"featured_media":0,"parent":9,"menu_order":0,"comment_status":"closed","ping_status":"closed","template":"","meta":{"_glsr_average":0,"_glsr_ranking":0,"_glsr_reviews":0,"footnotes":""},"class_list":["post-54","page","type-page","status-publish","hentry"],"_links":{"self":[{"href":"https:\/\/pkv-auskenner.de\/index.php\/wp-json\/wp\/v2\/pages\/54","targetHints":{"allow":["GET"]}}],"collection":[{"href":"https:\/\/pkv-auskenner.de\/index.php\/wp-json\/wp\/v2\/pages"}],"about":[{"href":"https:\/\/pkv-auskenner.de\/index.php\/wp-json\/wp\/v2\/types\/page"}],"author":[{"embeddable":true,"href":"https:\/\/pkv-auskenner.de\/index.php\/wp-json\/wp\/v2\/users\/1"}],"replies":[{"embeddable":true,"href":"https:\/\/pkv-auskenner.de\/index.php\/wp-json\/wp\/v2\/comments?post=54"}],"version-history":[{"count":1,"href":"https:\/\/pkv-auskenner.de\/index.php\/wp-json\/wp\/v2\/pages\/54\/revisions"}],"predecessor-version":[{"id":55,"href":"https:\/\/pkv-auskenner.de\/index.php\/wp-json\/wp\/v2\/pages\/54\/revisions\/55"}],"up":[{"embeddable":true,"href":"https:\/\/pkv-auskenner.de\/index.php\/wp-json\/wp\/v2\/pages\/9"}],"wp:attachment":[{"href":"https:\/\/pkv-auskenner.de\/index.php\/wp-json\/wp\/v2\/media?parent=54"}],"curies":[{"name":"wp","href":"https:\/\/api.w.org\/{rel}","templated":true}]}}